{"id":10763,"date":"2020-04-19T20:47:20","date_gmt":"2020-04-19T20:47:20","guid":{"rendered":"https:\/\/hypnose-zentrum.com\/online-seminare\/"},"modified":"2020-04-19T20:47:20","modified_gmt":"2020-04-19T20:47:20","slug":"online-seminare","status":"publish","type":"page","link":"https:\/\/hypnose-zentrum.com\/es\/online-seminare\/","title":{"rendered":"Online-Seminare"},"content":{"rendered":"\n<div class=\"wp-block-group is-style-section-base-1 is-layout-constrained wp-block-group-is-layout-constrained is-style-section-base-1--1\">\n<div class=\"wp-block-group is-layout-constrained wp-block-group-is-layout-constrained\">\n<h2 class=\"wp-block-heading\" id=\"h-schon-dass-du-da-bist\"><span class=\"text-color-primary\">Sch\u00f6n, dass Du da bist!<\/span><\/h2>\n\n\n\n<p>Wir f\u00fchren in regelm\u00e4\u00dfigen Abst\u00e4nden die so genannten \u00abDranbleiben-Abende\u00bb mit und f\u00fcr unsere KlientInnen durch. Wenn Du \u00fcber diese Termine informiert werden m\u00f6chten,\u00a0<a  class=\"has-icon\" href=\"mailto:dranbleiben@hypnose-zentrum.com\">sende uns einfach eine formlose E-Mail <svg width=\"16\" height=\"16\" aria-hidden=\"true\"><use xlink:href=\"#external-link\"><\/use><\/svg><\/a>\u00a0\u2013 und wir freuen uns, Dich beim Dranbleiben willkommen zu hei\u00dfen!<\/p>\n\n\n\n<h3 class=\"wp-block-heading\" id=\"h-info-zu-zoom-seminaren-und-online-sitzungen\">Info zu zoom-Seminaren und Online-Sitzungen<\/h3>\n\n\n\n<p>Manche Seminare sowie Online-Sitzungen organisieren wir live \u00fcber die Plattform zoom.<\/p>\n\n\n\n<p>F\u00fcr \u00fcber zoom veranstaltete Sessions gilt folgendes Procedere:<\/p>\n\n\n\n<ol class=\"wp-block-list\">\n<li><strong>Klicke<\/strong> \u2013 unabh\u00e4ngig vom Endger\u00e4t \u2013auf den <a  class=\"has-icon\" href=\"https:\/\/us02web.zoom.us\/j\/3040009780?pwd=MUV3bWtkcWtlaERsSGlxbUpWOCtjQT09\" target=\"_blank\" rel=\"noreferrer noopener\">Einladungslink <svg width=\"16\" height=\"16\" aria-hidden=\"true\"><use xlink:href=\"#external-link\"><\/use><\/svg> <span class=\"screen-reader-text\">Opens in new tab<\/span><\/a><\/li>\n\n\n\n<li>Solltest du die <strong>Zoom-App<\/strong> (gilt f\u00fcr mobile Endger\u00e4te und PCs\/Laptops) noch nicht installiert haben, kannst du dem dort hinterlegten <strong>Download-Link folgen und die App installieren.<br><em>Eine Registrierung auf der Plattform ist nicht notwendig!<\/em><\/strong><\/li>\n\n\n\n<li>Hast du die App bereits, klickst du nun auf <strong>\u201eDem Meeting beitreten\u201c<\/strong>, sofern du nicht ohnehin direkt weitergeleitet wirst. Das Passwort lautet: <strong>543210<\/strong>.<\/li>\n\n\n\n<li>Wenn du nach einer <strong>Audio-<\/strong><strong>Option<\/strong> gefragt wirst, klicke <strong>\u201eAnruf \u00fcber Internet Audio\u201c.<\/strong><\/li>\n\n\n\n<li>Solltest du nach <strong>Zugriff auf Mikrofon und Kamera gefragt werden \u2013 bitte zulassen.<\/strong><\/li>\n\n\n\n<li>Du bist nun <strong>in der Konferenz.<\/strong><\/li>\n<\/ol>\n\n\n\n<p>Im Men\u00fc wird dir die M\u00f6glichkeit zum \u201eMikrofon stummschalten\u201c und \u201eVideo starten\/stoppen\u201c angeboten.<\/p>\n\n\n\n<p>Eine genaue Schritt-f\u00fcr-Schritt-Anleitung findest Du <a  class=\"has-icon\" href=\"https:\/\/zoom.us\/de-de\/resources.html\">hier auf der zoom-Website <svg width=\"16\" height=\"16\" aria-hidden=\"true\"><use xlink:href=\"#external-link\"><\/use><\/svg><\/a>.<\/p>\n\n\n\n<figure class=\"wp-block-image wp-image-4867 size-medium\"><img decoding=\"async\" width=\"450\" height=\"373\" src=\"https:\/\/hypnose-zentrum.com\/wp-content\/uploads\/2020\/04\/online-webinar-hypnos_kn-450x373.jpg\" alt=\"\" class=\"wp-image-4867\" srcset=\"https:\/\/hypnose-zentrum.com\/wp-content\/uploads\/2020\/04\/online-webinar-hypnos_kn-450x373.jpg 450w, https:\/\/hypnose-zentrum.com\/wp-content\/uploads\/2020\/04\/online-webinar-hypnos_kn-scaled-400x332.jpg 400w, https:\/\/hypnose-zentrum.com\/wp-content\/uploads\/2020\/04\/online-webinar-hypnos_kn-scaled-600x498.jpg 600w, https:\/\/hypnose-zentrum.com\/wp-content\/uploads\/2020\/04\/online-webinar-hypnos_kn-900x747.jpg 900w, https:\/\/hypnose-zentrum.com\/wp-content\/uploads\/2020\/04\/online-webinar-hypnos_kn-768x637.jpg 768w, https:\/\/hypnose-zentrum.com\/wp-content\/uploads\/2020\/04\/online-webinar-hypnos_kn-1536x1275.jpg 1536w, https:\/\/hypnose-zentrum.com\/wp-content\/uploads\/2020\/04\/online-webinar-hypnos_kn-2048x1700.jpg 2048w\" sizes=\"(max-width: 450px) 100vw, 450px\" \/><figcaption class=\"wp-element-caption\">Nikolai Hanf-Dressler und Katharina Marquard<\/figcaption><\/figure>\n\n\n\n<p>Eine pers\u00f6nliche, fachkompetente und\u00a0<strong>unverbindliche Beratung<\/strong>\u00a0erh\u00e4ltst Du, wenn Du uns unter\u00a0<a  class=\"has-icon\" href=\"tel:+493040009780\">030 \/ 4000 97 80 <svg width=\"16\" height=\"16\" aria-hidden=\"true\"><use xlink:href=\"#external-link\"><\/use><\/svg><\/a>\u00a0anrufst oder uns eine Nachricht \u00fcber das\u00a0<a href=\"https:\/\/hypnose-zentrum.com\/es\/contacto\/\">Kontaktformular<\/a>\u00a0sendest!<\/p>\n<\/div>\n<\/div>\n","protected":false},"excerpt":{"rendered":"<p>Online-Hypnose-Seminare mit Hypnos. Hypnose live und sicher erleben.<\/p>\n","protected":false},"author":7,"featured_media":0,"parent":0,"menu_order":0,"comment_status":"closed","ping_status":"closed","template":"","meta":{"_acf_changed":false,"footnotes":""},"class_list":["post-10763","page","type-page","status-publish","hentry"],"acf":[],"_links":{"self":[{"href":"https:\/\/hypnose-zentrum.com\/es\/wp-json\/wp\/v2\/pages\/10763","targetHints":{"allow":["GET"]}}],"collection":[{"href":"https:\/\/hypnose-zentrum.com\/es\/wp-json\/wp\/v2\/pages"}],"about":[{"href":"https:\/\/hypnose-zentrum.com\/es\/wp-json\/wp\/v2\/types\/page"}],"author":[{"embeddable":true,"href":"https:\/\/hypnose-zentrum.com\/es\/wp-json\/wp\/v2\/users\/7"}],"replies":[{"embeddable":true,"href":"https:\/\/hypnose-zentrum.com\/es\/wp-json\/wp\/v2\/comments?post=10763"}],"version-history":[{"count":1,"href":"https:\/\/hypnose-zentrum.com\/es\/wp-json\/wp\/v2\/pages\/10763\/revisions"}],"predecessor-version":[{"id":10764,"href":"https:\/\/hypnose-zentrum.com\/es\/wp-json\/wp\/v2\/pages\/10763\/revisions\/10764"}],"wp:attachment":[{"href":"https:\/\/hypnose-zentrum.com\/es\/wp-json\/wp\/v2\/media?parent=10763"}],"curies":[{"name":"wp","href":"https:\/\/api.w.org\/{rel}","templated":true}]}}