{"id":9295,"date":"2015-03-03T16:53:34","date_gmt":"2015-03-03T16:53:34","guid":{"rendered":"https:\/\/hypnose-zentrum.com\/startseite\/"},"modified":"2025-09-12T11:00:07","modified_gmt":"2025-09-12T11:00:07","slug":"startseite","status":"publish","type":"page","link":"https:\/\/hypnose-zentrum.com\/es\/","title":{"rendered":"Homepage"},"content":{"rendered":"\n<section style=\"background-image:url(&apos;https:\/\/hypnose-zentrum.com\/wp-content\/uploads\/2025\/06\/gradient-bg.jpg&apos;);background-size:cover;\" class=\"wp-block-group alignfull is-style-section-base-1 is-layout-constrained wp-block-group-is-layout-constrained has-background is-style-section-base-1--1\">\n<div class=\"wp-block-group alignwide is-style-box-base-1 is-layout-flow wp-block-group-is-layout-flow is-style-box-base-1--2\">\n<div class=\"wp-block-columns is-layout-flex wp-container-core-columns-is-layout-c6aa92a1 wp-block-columns-is-layout-flex\">\n<div class=\"wp-block-column is-layout-flow wp-block-column-is-layout-flow\" style=\"flex-basis:60%\">\n<figure class=\"wp-block-image size-full featured-content-image-left__media-container\"><img decoding=\"async\" width=\"1670\" height=\"1138\" src=\"https:\/\/hypnose-zentrum.com\/wp-content\/uploads\/2023\/01\/HypnosTeam_2023.jpg\" alt=\"Das Hypnos-Team\" class=\"wp-image-5507\" style=\"aspect-ratio:1.3333333333333333;object-fit:cover\" srcset=\"https:\/\/hypnose-zentrum.com\/wp-content\/uploads\/2023\/01\/HypnosTeam_2023.jpg 1670w, https:\/\/hypnose-zentrum.com\/wp-content\/uploads\/2023\/01\/HypnosTeam_2023-400x273.jpg 400w, https:\/\/hypnose-zentrum.com\/wp-content\/uploads\/2023\/01\/HypnosTeam_2023-600x409.jpg 600w, https:\/\/hypnose-zentrum.com\/wp-content\/uploads\/2023\/01\/HypnosTeam_2023-450x307.jpg 450w, https:\/\/hypnose-zentrum.com\/wp-content\/uploads\/2023\/01\/HypnosTeam_2023-900x613.jpg 900w, https:\/\/hypnose-zentrum.com\/wp-content\/uploads\/2023\/01\/HypnosTeam_2023-768x523.jpg 768w, https:\/\/hypnose-zentrum.com\/wp-content\/uploads\/2023\/01\/HypnosTeam_2023-1536x1047.jpg 1536w\" sizes=\"(max-width: 1670px) 100vw, 1670px\" \/><\/figure>\n<\/div>\n\n\n\n<div class=\"wp-block-column is-layout-flow wp-block-column-is-layout-flow\" style=\"flex-basis:40%\">\n<div class=\"wp-block-group is-layout-flow wp-block-group-is-layout-flow\" style=\"margin-top:0;margin-bottom:0\">\n<div class=\"wp-block-group is-layout-flow wp-container-core-group-is-layout-26ef70db wp-block-group-is-layout-flow\">\n<h2 class=\"wp-block-heading has-custom-blue-color has-text-color has-link-color has-size-h-5-font-size wp-elements-f13c301819c431ab807639b4f24b5ac6\" id=\"h-bienvenidas-bienvenidos\"><strong><strong><strong>\u00a1Bienvenidas, bienvenidos!<\/strong><\/strong><\/strong><\/h2>\n\n\n\n<h1 class=\"wp-block-heading has-custom-pink-color has-text-color has-link-color has-size-h-2-font-size wp-elements-3a27a3faf2d931f48115f20518923160\" id=\"h-hypnos-berlin-ofrece-sesiones-exclusivas-de-hipnosis-tambien-en-espanol\" style=\"margin-bottom:0\"><strong><strong>Hypnos<\/strong><sup>\u00ae<\/sup><strong>Berlin ofrece sesiones exclusivas de hipnosis tambi\u00e9n en espa\u00f1ol.<\/strong><\/strong><\/h1>\n<\/div>\n\n\n\n<p>\u00bfA qui\u00e9n se dirigen estas sesiones?<\/p>\n\n\n\n<ul class=\"wp-block-list\">\n<li>A hispanohablantes, naturalmente<\/li>\n\n\n\n<li>A clientes cuya lengua materna no es alem\u00e1n ni espa\u00f1ol, pero se sienten m\u00e1s a gusto con el espa\u00f1ol que con el alem\u00e1n.<\/li>\n\n\n\n<li>Para hispanohablantes o personas cuya lengua materna no es alem\u00e1n, que hablan bien el idioma alem\u00e1n pero creen que el espa\u00f1ol es m\u00e1s adecuado para una relajaci\u00f3n profunda.<\/li>\n<\/ul>\n\n\n\n<p>En esta p\u00e1gina encontrar\u00e1 un resumen de la informaci\u00f3n m\u00e1s importante publicada en nuestra p\u00e1gina web principal.<\/p>\n\n\n\n<p>Si\u00e9ntase libre de pedir m\u00e1s informaci\u00f3n de manera gratuita y sin compromiso.<br>Para ello, por favor utilice nuestro&nbsp;<a href=\"https:\/\/hypnose-zentrum.com\/es\/contacto\/\">formulario de contacto<\/a>!<\/p>\n<\/div>\n<\/div>\n<\/div>\n<\/div>\n<\/section>\n\n\n\n<section class=\"wp-block-group alignfull page-teasers-4-column-grid has-base-background-color is-style-section-base-1 is-layout-constrained wp-block-group-is-layout-constrained is-style-section-base-1--3\">\n<div class=\"wp-block-group alignwide is-layout-flow wp-block-group-is-layout-flow\">\n<div class=\"wp-block-group is-layout-grid wp-container-core-group-is-layout-a9733955 wp-block-group-is-layout-grid\" style=\"margin-top:var(--wp--preset--spacing--32);margin-bottom:var(--wp--preset--spacing--32)\">\n<article class=\"wp-block-group page-teaser is-layout-flow wp-block-group-is-layout-flow\">\n<div class=\"wp-block-group is-layout-flow wp-block-group-is-layout-flow\">\n<figure class=\"wp-block-image aligncenter size-full is-resized page-teaser__media-container\"><img decoding=\"async\" width=\"150\" height=\"150\" src=\"https:\/\/hypnose-zentrum.com\/wp-content\/uploads\/2025\/07\/Flag-150x150-1.jpg\" alt=\"\" class=\"wp-image-9282\" style=\"width:auto;height:150px\" srcset=\"https:\/\/hypnose-zentrum.com\/wp-content\/uploads\/2025\/07\/Flag-150x150-1.jpg 150w, https:\/\/hypnose-zentrum.com\/wp-content\/uploads\/2025\/07\/Flag-150x150-1-100x100.jpg 100w\" sizes=\"(max-width: 150px) 100vw, 150px\" \/><\/figure>\n\n\n\n<div class=\"wp-block-group page-teaser__body is-layout-flow wp-container-core-group-is-layout-26ef70db wp-block-group-is-layout-flow\">\n<h2 class=\"wp-block-heading has-text-align-center has-size-h-4-font-size\" id=\"h-nuestro-instituto\"><strong><a href=\"https:\/\/hypnose-zentrum.com\/es\/el-instituto-hypnos-en-berlin\/\">Nuestro instituto<\/a><\/strong><\/h2>\n\n\n\n<p class=\"has-text-align-center\">\u00a1Le damos la bienvenida a nuestro consultorio en pleno coraz\u00f3n de Berl\u00edn! Gracias a su excelente ubicaci\u00f3n recibimos una clientela exclusiva de todas partes del mundo. D\u00e9jese impresionar por este extraordinario lugar de transformaci\u00f3n.<\/p>\n<\/div>\n<\/div>\n<\/article>\n\n\n\n<article class=\"wp-block-group page-teaser is-layout-flow wp-block-group-is-layout-flow\">\n<div class=\"wp-block-group is-layout-flow wp-block-group-is-layout-flow\">\n<figure class=\"wp-block-image aligncenter size-full is-resized page-teaser__media-container\"><img decoding=\"async\" width=\"150\" height=\"150\" src=\"https:\/\/hypnose-zentrum.com\/wp-content\/uploads\/2025\/07\/Hypnose_Katharina-Auer_Portrait-150x150-1.jpg\" alt=\"\" class=\"wp-image-9287\" style=\"width:auto;height:150px\" srcset=\"https:\/\/hypnose-zentrum.com\/wp-content\/uploads\/2025\/07\/Hypnose_Katharina-Auer_Portrait-150x150-1.jpg 150w, https:\/\/hypnose-zentrum.com\/wp-content\/uploads\/2025\/07\/Hypnose_Katharina-Auer_Portrait-150x150-1-100x100.jpg 100w\" sizes=\"(max-width: 150px) 100vw, 150px\" \/><\/figure>\n\n\n\n<div class=\"wp-block-group page-teaser__body is-layout-flow wp-container-core-group-is-layout-26ef70db wp-block-group-is-layout-flow\">\n<h2 class=\"wp-block-heading has-text-align-center has-size-h-4-font-size\" id=\"h-su-terapeuta\"><a href=\"https:\/\/hypnose-zentrum.com\/es\/su-hipnoterapeuta\/\">Su terapeuta<\/a><\/h2>\n\n\n\n<p class=\"has-text-align-center\">Katharina Auer es la terapeuta de habla espa\u00f1ola, inglesa, rusa e alemana en Hypnos\u00ae. Su pasi\u00f3n es facilitar una auto-expresi\u00f3n libre de bloqueos y aut\u00e9ntica, creando as\u00ed una vida que las personas amen vivir.<\/p>\n<\/div>\n<\/div>\n<\/article>\n\n\n\n<article class=\"wp-block-group page-teaser is-layout-flow wp-block-group-is-layout-flow\">\n<div class=\"wp-block-group is-layout-flow wp-block-group-is-layout-flow\">\n<figure class=\"wp-block-image aligncenter size-full is-resized page-teaser__media-container\"><img decoding=\"async\" width=\"212\" height=\"233\" src=\"https:\/\/hypnose-zentrum.com\/wp-content\/uploads\/2015\/03\/therapiefelder-e1584120507551.jpg\" alt=\"Therapiefelder\" class=\"wp-image-8226\" style=\"width:auto;height:150px\"\/><\/figure>\n\n\n\n<div class=\"wp-block-group page-teaser__body is-layout-flow wp-container-core-group-is-layout-26ef70db wp-block-group-is-layout-flow\">\n<h2 class=\"wp-block-heading has-text-align-center has-size-h-4-font-size\" id=\"h-ambitos-de-la-terapia\"><strong><a href=\"https:\/\/hypnose-zentrum.com\/es\/ambitos-de-la-terapia\/\">\u00c1mbitos de la terapia<\/a><\/strong><\/h2>\n\n\n\n<p class=\"has-text-align-center\">La hipnoterapia es aplicada en varios \u00e1mbitos, entre ellos para combatir miedos, depresiones y dolores psicosom\u00e1ticos. Es capaz de cambiar costumbres de manera r\u00e1pida y profunda.<\/p>\n<\/div>\n<\/div>\n<\/article>\n\n\n\n<article class=\"wp-block-group page-teaser is-layout-flow wp-block-group-is-layout-flow\">\n<div class=\"wp-block-group is-layout-flow wp-block-group-is-layout-flow\">\n<figure class=\"wp-block-image size-full is-resized page-teaser__media-container\"><img decoding=\"async\" width=\"534\" height=\"234\" src=\"https:\/\/hypnose-zentrum.com\/wp-content\/uploads\/2014\/11\/methode1.jpg\" alt=\"Gehirn mit Zahnr\u00e4dern Methodik\" class=\"wp-image-2348\" style=\"width:auto;height:150px\" srcset=\"https:\/\/hypnose-zentrum.com\/wp-content\/uploads\/2014\/11\/methode1.jpg 534w, https:\/\/hypnose-zentrum.com\/wp-content\/uploads\/2014\/11\/methode1-400x175.jpg 400w, https:\/\/hypnose-zentrum.com\/wp-content\/uploads\/2014\/11\/methode1-450x197.jpg 450w\" sizes=\"(max-width: 534px) 100vw, 534px\" \/><\/figure>\n\n\n\n<div class=\"wp-block-group page-teaser__body is-layout-flow wp-container-core-group-is-layout-26ef70db wp-block-group-is-layout-flow\">\n<h2 class=\"wp-block-heading has-text-align-center has-size-h-4-font-size\" id=\"h-los-metodos-hypnos\"><strong><a href=\"https:\/\/hypnose-zentrum.com\/es\/eht-nuestro-enfoque-terapeutico\/\">Los m\u00e9todos Hypnos<\/a><\/strong><sup><a href=\"https:\/\/hypnose-zentrum.com\/es\/eht-nuestro-enfoque-terapeutico\/\">\u00ae<\/a><\/sup><\/h2>\n\n\n\n<p class=\"has-text-align-center\">Estamos convencidos \u2013 y nuestra experiencia en el consultorio lo demuestra diariamente- que la hipnoterapia despliega todo su potencial cuando se la aplica en conjunto con t\u00e9cnicas altamente efectivas de trabajo energ\u00e9tico.<\/p>\n<\/div>\n<\/div>\n<\/article>\n<\/div>\n<\/div>\n<\/section>\n","protected":false},"excerpt":{"rendered":"<p>\u00a1Bienvenidas, bienvenidos! Hypnos\u00aeBerlin ofrece sesiones exclusivas de hipnosis tambi\u00e9n en espa\u00f1ol. \u00bfA qui\u00e9n se dirigen estas sesiones? En esta p\u00e1gina encontrar\u00e1 un resumen de la informaci\u00f3n m\u00e1s importante publicada en nuestra p\u00e1gina web principal. Si\u00e9ntase libre de pedir m\u00e1s informaci\u00f3n de manera gratuita y sin compromiso.Para ello, por favor utilice nuestro&nbsp;formulario de contacto! Nuestro instituto [&hellip;]<\/p>\n","protected":false},"author":7,"featured_media":0,"parent":0,"menu_order":1,"comment_status":"closed","ping_status":"open","template":"","meta":{"_acf_changed":false,"footnotes":""},"class_list":["post-9295","page","type-page","status-publish","hentry"],"acf":[],"_links":{"self":[{"href":"https:\/\/hypnose-zentrum.com\/es\/wp-json\/wp\/v2\/pages\/9295","targetHints":{"allow":["GET"]}}],"collection":[{"href":"https:\/\/hypnose-zentrum.com\/es\/wp-json\/wp\/v2\/pages"}],"about":[{"href":"https:\/\/hypnose-zentrum.com\/es\/wp-json\/wp\/v2\/types\/page"}],"author":[{"embeddable":true,"href":"https:\/\/hypnose-zentrum.com\/es\/wp-json\/wp\/v2\/users\/7"}],"replies":[{"embeddable":true,"href":"https:\/\/hypnose-zentrum.com\/es\/wp-json\/wp\/v2\/comments?post=9295"}],"version-history":[{"count":3,"href":"https:\/\/hypnose-zentrum.com\/es\/wp-json\/wp\/v2\/pages\/9295\/revisions"}],"predecessor-version":[{"id":10181,"href":"https:\/\/hypnose-zentrum.com\/es\/wp-json\/wp\/v2\/pages\/9295\/revisions\/10181"}],"wp:attachment":[{"href":"https:\/\/hypnose-zentrum.com\/es\/wp-json\/wp\/v2\/media?parent=9295"}],"curies":[{"name":"wp","href":"https:\/\/api.w.org\/{rel}","templated":true}]}}