{"id":9424,"date":"2014-11-16T21:25:48","date_gmt":"2014-11-16T21:25:48","guid":{"rendered":"https:\/\/hypnose-zentrum.com\/therapiefelder\/"},"modified":"2025-07-25T15:17:06","modified_gmt":"2025-07-25T15:17:06","slug":"ambitos-de-la-terapia","status":"publish","type":"page","link":"https:\/\/hypnose-zentrum.com\/es\/ambitos-de-la-terapia\/","title":{"rendered":"\u00c1mbitos de la terapia"},"content":{"rendered":"\n<div class=\"wp-block-group alignfull rich-text-toc-left is-style-section-base-1 is-layout-constrained wp-block-group-is-layout-constrained is-style-section-base-1--1\">\n<div class=\"wp-block-group alignwide is-layout-flow wp-block-group-is-layout-flow\">\n<div id=\"toc-box\" class=\"wp-block-group is-style-box-base-1 has-border-color has-custom-lightblue-border-color has-custom-blue-color has-text-color has-link-color wp-elements-3f78a237f48ffcdb33e9226edc9a43c3 is-layout-flow wp-block-group-is-layout-flow is-style-box-base-1--2\" style=\"border-width:2px\">\n<h2 class=\"wp-block-heading has-custom-blue-color has-text-color has-link-color has-size-h-6-font-size wp-elements-98041b04ab9e6a908ceb94cfa58c1cec\" id=\"h-inhalte\">Inhalte<\/h2>\n<\/div>\n\n\n\n<article id=\"toc-content\" class=\"wp-block-group is-layout-flow wp-block-group-is-layout-flow\">\n<h2 class=\"wp-block-heading\" id=\"chapter1\"><strong>Miedos<\/strong><\/h2>\n\n\n\n<figure class=\"wp-block-image alignright is-resized\"><img decoding=\"async\" width=\"682\" height=\"486\" src=\"https:\/\/hypnose-zentrum.com\/wp-content\/uploads\/2015\/02\/illustration-ente1.jpg\" alt=\"\" class=\"wp-image-8244\" style=\"width:300px\" srcset=\"https:\/\/hypnose-zentrum.com\/wp-content\/uploads\/2015\/02\/illustration-ente1.jpg 682w, https:\/\/hypnose-zentrum.com\/wp-content\/uploads\/2015\/02\/illustration-ente1-400x285.jpg 400w, https:\/\/hypnose-zentrum.com\/wp-content\/uploads\/2015\/02\/illustration-ente1-600x428.jpg 600w, https:\/\/hypnose-zentrum.com\/wp-content\/uploads\/2015\/02\/illustration-ente1-450x321.jpg 450w\" sizes=\"(max-width: 682px) 100vw, 682px\" \/><\/figure>\n\n\n\n<p>(por ejemplo fobias espec\u00edficas, trastornos generales provocados por ansiedad, p\u00e1nico, trastornos de estr\u00e9s posttraum\u00e1tico)<\/p>\n\n\n\n<p>Nuestra experiencia demuestra que el m\u00e9todo Hypnos\u00ae ofrece a muchas personas que sufren trastornos provocados por el miedo soluciones extraordinarias, r\u00e1pidas y efectivas para el alivio sintom\u00e1tico y la sanaci\u00f3n definitiva.<\/p>\n\n\n\n<p>Imag\u00ednese sus miedos como ideas fijas. Su origen puede ser detectado a trav\u00e9s de hipnosis (por ej. con la ayuda de una regresi\u00f3n) con el fin de investirlos con nuevos significados.<\/p>\n\n\n\n<h2 class=\"wp-block-heading\" id=\"chapter2\">Depresiones<\/h2>\n\n\n\n<figure class=\"wp-block-image alignright is-resized\"><img decoding=\"async\" width=\"396\" height=\"262\" src=\"https:\/\/hypnose-zentrum.com\/wp-content\/uploads\/2014\/11\/depression1.jpg\" alt=\"\" class=\"wp-image-8457\" style=\"width:300px\"\/><\/figure>\n\n\n\n<p>El estado hipn\u00f3tico produce una clara relajaci\u00f3n neuronal que se traduce en un bienestar general.<\/p>\n\n\n\n<p>Adem\u00e1s provoca un incremento de la sugestibilidad que le abrir\u00e1 el acceso a intensivas percepciones positivas y optimistas que usted probablemente daba por perdidas.<\/p>\n\n\n\n<p>Con ayuda de t\u00e9cnicas energ\u00e9ticas, como por ejemplo acupresi\u00f3n a trav\u00e9s de un ligero golpeteo, pueden en poco tiempo disolverse bloqueos emocionales, armonizar el flujo energ\u00e9tico as\u00ed como romper con patrones de comportamiento establecidos. Nuestra experiencia nos indica que en muchos casos la transformaci\u00f3n se percibe inmediatamente.<\/p>\n\n\n\n<h2 class=\"wp-block-heading\" id=\"chapter3\">Molestias psicosom\u00e1ticas<\/h2>\n\n\n\n<figure class=\"wp-block-image alignright is-resized\"><img decoding=\"async\" width=\"299\" height=\"222\" src=\"https:\/\/hypnose-zentrum.com\/wp-content\/uploads\/2014\/11\/psychosomatik.jpg\" alt=\"\" class=\"wp-image-8430\" style=\"width:300px\"\/><\/figure>\n\n\n\n<p><strong>(alteraciones sexuales, dolores, alteraciones de sue\u00f1o, enfermedades psicosom\u00e1ticas)<\/strong><\/p>\n\n\n\n<p>Con la hipnoterapia Hypnos<sup>\u00ae<\/sup>&nbsp;los terapeutas de Hypnos<sup>\u00ae<\/sup>&nbsp;pueden ofrecerles a quienes padecen de una enfermedad psicosom\u00e1tica una gran variedad de enfoques terap\u00e9uticos:<\/p>\n\n\n\n<ul class=\"wp-block-list\">\n<li>La profunda relajaci\u00f3n neuronal durante el trance hipn\u00f3tico puede favorecer de una manera efectiva y natural la recuperaci\u00f3n del organismo.<\/li>\n\n\n\n<li>En el caso de enfermedades con dolores: reducci\u00f3n y disociaci\u00f3n del dolor. El alivio profundo del dolor y las im\u00e1genes sanadoras de separaci\u00f3n del cuerpo doliente pueden mejorar el manejo del dolor as\u00ed como reducir la intensidad del mismo.<\/li>\n\n\n\n<li>El potencial corporal e inconsciente de autosanaci\u00f3n puede ser activado, promoviendo as\u00ed una curaci\u00f3n sostenible<\/li>\n\n\n\n<li>El sistema inmunol\u00f3gico, las funciones vegetativas y el metabolismo pueden ser estimulados a trav\u00e9s de la hipnosis. Asimismo puede incrementarse el n\u00famero de c\u00e9lulas inmunol\u00f3gicas durante el trance.<\/li>\n\n\n\n<li>Las modernas t\u00e9cnicas energ\u00e9ticas pueden armonizar el flujo energ\u00e9tico y contribuir a disolver bloqueos como ira, miedo, pudor.<\/li>\n\n\n\n<li>Las intervenciones hipnoterap\u00e9uticas para resolver conflictos pueden aliviar el esp\u00edritu y, con ello, el organismo. Esto puede llevar a una re-orientaci\u00f3n y maduraci\u00f3n paulatina.<\/li>\n\n\n\n<li>El sentimiento de culpa, la falta de confianza en s\u00ed mismo y las tendencias inconscientes de autocastigo pueden ser tratadas efectivamente.<\/li>\n\n\n\n<li>Un posible beneficio secundario inconsciente (ventaja que goza el afectado en su entorno a causa de la enfermedad) puede ser descubierto y transformado.<\/li>\n<\/ul>\n\n\n\n<h2 class=\"wp-block-heading\" id=\"chapter4\">Burn out<\/h2>\n\n\n\n<figure class=\"wp-block-image alignright is-resized\"><img decoding=\"async\" width=\"330\" height=\"248\" src=\"https:\/\/hypnose-zentrum.com\/wp-content\/uploads\/2014\/11\/burnout1.jpg\" alt=\"\" class=\"wp-image-8421\" style=\"width:300px\"\/><\/figure>\n\n\n\n<p>Independientemente del punto de Burn out en el que la persona se halle: la hipnoterapia EHT<sup>\u00ae<\/sup>\u00a0puede ofrecerle al afectado tratamientos eficaces que en muchos casos llevan a un extraordinariamente r\u00e1pido alivio de los s\u00edntomas y la sanaci\u00f3n definitiva. El aprendizaje de t\u00e9cnicas altamente efectivas de relajaci\u00f3n y concentraci\u00f3n as\u00ed como el trabajo psicoterap\u00e9utico van en el tratamiento EHT\u00ae de la mano. Esto incrementa la eficacia simbi\u00f3tica de ambos enfoques, otorg\u00e1ndole al cliente confianza y estabilidad adicional.<\/p>\n\n\n\n<p>La profunda relajaci\u00f3n neuronal en estado de trance terap\u00e9utico (denominado en varias ocasiones \u201ctrance de sanaci\u00f3n\u201d), la re-organizaci\u00f3n ps\u00edquica de sugestiones optimistas efectivas y la sorprendente eficacia de t\u00e9cnicas energ\u00e9ticas para la liberaci\u00f3n de estr\u00e9s y miedos pueden conducir a un resultado positivo duradero.<\/p>\n\n\n\n<p>Las intervenciones hipnoterap\u00e9uticas modernas le permiten al cliente corregir paulatinamente conductas egoc\u00e9ntricas agobiantes, descargar \u201cantiguas cargas ps\u00edquicas\u201d y, de esta manera, alcanzar soluciones pr\u00e1cticas y profundas para sus molestias.<\/p>\n\n\n\n<p>La capacidad de delegar responsabilidad y tambi\u00e9n de asumir la propia responsabilidad es la base del contexto pr\u00e1ctico en el que se apoya el tratamiento. Un alivio inmediato debe ser asegurado para que los resultados del tratamiento puedan ser integrados en la vida cotidiana de manera duradera.<\/p>\n\n\n\n<p>La hipnosis EHT<sup>\u00ae<\/sup>&nbsp;tiene como objetivo ofrecer terapias compactas y eficaces.<\/p>\n\n\n\n<p>Por ello la duraci\u00f3n de la terapia se limita a un m\u00e1ximo de ocho sesiones. Para la mayor\u00eda de los \u00e1mbitos de aplicaci\u00f3n se indican de 4 a 6 sesiones intensivas de dos horas cada una.<\/p>\n\n\n\n<h2 class=\"wp-block-heading\" id=\"chapter5\">Tratamiento para dejar de fumar<\/h2>\n\n\n\n<figure class=\"wp-block-image alignright is-resized\"><img decoding=\"async\" width=\"303\" height=\"192\" src=\"https:\/\/hypnose-zentrum.com\/wp-content\/uploads\/2014\/11\/aschenbecher.jpg\" alt=\"\" class=\"wp-image-8265\" style=\"width:300px\"\/><\/figure>\n\n\n\n<p>Desde hace muchos a\u00f1os Hypnos\u00ae lleva a cabo tratamientos altamente efectivos para dejar de fumar en tan s\u00f3lo una sesi\u00f3n.<\/p>\n\n\n\n<p>El ansia de fumar cigarrillos se compone de tres elementos: el ansia de la consciencia, el ansia del inconsciente y el ansia corporal. El tratamiento innovativo de Hypnos\u00ae para dejar de fumar aspira a una transformaci\u00f3n integral en los tres niveles.<\/p>\n\n\n\n<p>El tratamiento de Hypnos\u00ae para dejar de fumar no disfraza sugestivamente el patr\u00f3n de conducta que implica el fumar, sino que lo disuelve de manera afable, segura y altamente eficaz. De esta manera es posible alcanzar una transformaci\u00f3n profunda con resultados duraderos.<\/p>\n\n\n\n<h2 class=\"wp-block-heading\" id=\"chapter6\">Reducci\u00f3n de peso<\/h2>\n\n\n\n<p>Cuando nacemos, el principio \u201ccomo s\u00f3lo lo que necesito\u201d funciona perfectamente. Sin embargo, en el curso de los a\u00f1os la mayor\u00eda de nosotros perdemos la costumbre de escuchar a nuestro est\u00f3mago.<\/p>\n\n\n\n<p>Esta capacidad fundamental e incre\u00edblemente simple puede recuperarse a trav\u00e9s del m\u00e9todo Hypnos\u00ae. Los v\u00ednculos que se fueron creando a lo largo de los a\u00f1os entre ciertos alimentos y emociones (\u201calgo dulce me relaja\u201d), asociaciones y recuerdos pueden disolverse de una vez y para siempre. El comer lentamente y degustando la comida se vuelve a transformar en h\u00e1bito. La sensibilidad para distinguir entre hambre y apetito, entre estar confortablemente satisfecho o pesadamente lleno se arraiga nuevamente en el inconsciente.<\/p>\n\n\n\n<p>En la mayor\u00eda de los casos se puede lograr as\u00ed el siguiente efecto:<\/p>\n\n\n\n<ul class=\"wp-block-list\">\n<li>Usted adelgaza, sin sufrir, sin contar calor\u00edas ni sentirse insatisfecho<\/li>\n\n\n\n<li>Su metabolismo se activa, aumenta considerablemente su motivaci\u00f3n para moverse.<\/li>\n\n\n\n<li>Usted desarrolla una percepci\u00f3n fundamentalmente diferente respecto a las necesidades de su cuerpo, las cuales puede satisfacer ligera y relajadamente.<\/li>\n<\/ul>\n\n\n\n<h3 class=\"wp-block-heading\"><strong>\u00bfEn qu\u00e9 casos se aplica el m\u00e9todo Hypnos\u00ae para la reducci\u00f3n de peso?<\/strong><\/h3>\n\n\n\n<p>En caso de que usted:<\/p>\n\n\n\n<ul class=\"wp-block-list\">\n<li>tenga un ligero sobrepeso<\/li>\n\n\n\n<li>tenga un gran exceso de peso adiposo<\/li>\n\n\n\n<li>sienta excesivas ansias de comer dulces o grasas<\/li>\n\n\n\n<li>tenga la sensaci\u00f3n de \u201cno poder parar de comer\u201d o \u201cno tener suficiente\u201d.<\/li>\n\n\n\n<li>aumente su necesidad de comer a ra\u00edz de emociones como tristeza, soledad, enojo o miedo<\/li>\n\n\n\n<li>\u201cdeba terminar el plato\u201d, a pesar de estar satisfecho\/a<\/li>\n\n\n\n<li>le sea dif\u00edcil rechazar la comida que se le ofrece, a pesar de estar satisfecho\/a<\/li>\n\n\n\n<li>coma apresuradamente y bajo presi\u00f3n constante<\/li>\n\n\n\n<li>tenga la sensaci\u00f3n de no poder alcanzar nunca el estado de sentirse satisfecho<\/li>\n\n\n\n<li>tienda a darse atracones (Binge-Eating)<\/li>\n\n\n\n<li>le cueste motivarse para realizar actividad f\u00edsica<\/li>\n\n\n\n<li>sienta que puede determinar su conducta alimenticia durante un tiempo, pero caiga finalmente en patrones poco sanos e insatisfactorios.<\/li>\n\n\n\n<li>Sienta que el tema \u201ccomida\u201d determina sus pensamientos y sus emociones.<\/li>\n<\/ul>\n\n\n\n<h3 class=\"wp-block-heading\"><strong>Todas las sesiones EHT<sup>\u00ae<\/sup>&nbsp;incluyen:<\/strong><\/h3>\n\n\n\n<ul class=\"wp-block-list\">\n<li>\u00a0\u00a0\u00a0 Una asistencia telef\u00f3nica posterior.<br>Durante la sesi\u00f3n se acuerda una cita para una conversaci\u00f3n telef\u00f3nica de apoyo. Tanto entre sesi\u00f3n y sesi\u00f3n como al finalizar la hipnoterapia EHT\u00ae usted tiene la posibilidad de recibir apoyo de su terapeuta.<\/li>\n\n\n\n<li>Material de trabajo individual y audios de hipnosis EHT\u00ae<\/li>\n<\/ul>\n\n\n\n<p class=\"has-info-background-color has-background\">Todas las sesiones son intensivas e individuales. No ofrecemos sesiones grupales.<\/p>\n\n\n\n<p>Transmisi\u00f3n adicional de poderosas t\u00e9cnicas de autoayuda<\/p>\n\n\n\n<h3 class=\"wp-block-heading\"><strong>EHT<sup>\u00ae<\/sup>-Direct-Drive: la autohipnosis que acompa\u00f1a la sesi\u00f3n<\/strong><\/h3>\n\n\n\n<p>La t\u00e9cnica de autohipnosis desarrollada por los terapeutas de Hypnos<sup>\u00ae<\/sup>&nbsp;es en muchos casos una t\u00e9cnica altamente efectiva para el autodominio corporal y mental. De esta manera se pueden arraigar sugestiones propias en el inconsciente durante el trance hipn\u00f3tico, alcanzando as\u00ed resultados duraderos. A trav\u00e9s de una orden arraigada en el trance profundo y un m\u00f3dulo de entrenamiento desarrollado en las primeras dos sesiones justamente con ese fin es posible establecer una suerte de \u201creflejo hipn\u00f3tico\u201d.<\/p>\n\n\n\n<p>As\u00ed podr\u00e1 alcanzar usted \u2013 siempre y cuando se atenga al plan de ejercicio propuesto \u2013 una hipnosis profunda o incluso una hipnosis en estado de vigilia en cualquier sitio y situaci\u00f3n.<br>Nuestra experiencia indica que este m\u00e9todo posibilita un acceso al potencial interior considerablemente mejor.<\/p>\n\n\n\n<div class=\"wp-block-group is-style-box-base-2 is-layout-flow wp-block-group-is-layout-flow is-style-box-base-2--3\">\n<p><strong>\u00bfQu\u00e9 factores impiden el comienzo de un tratamiento en Hypnos\u00ae?<br>Contraindicaciones:<\/strong><\/p>\n\n\n\n<p>El cuadro sintom\u00e1tico se puede clasificar como psic\u00f3tico, es decir incluye delirio y\/o alucinaciones.<\/p>\n\n\n\n<ul class=\"wp-block-list\">\n<li>El cuadro sintom\u00e1tico es tan fuerte que se recomienda un tratamiento permanente en lugar de un tratamiento ambulante<\/li>\n\n\n\n<li>Hay indicios de tendencias suicidas, ya sean \u00e9stos agudos o no<\/li>\n\n\n\n<li>Se trata de un cuadro agudo que requiere un tratamiento inmediato<\/li>\n\n\n\n<li>Existe una adicci\u00f3n (excepto adicci\u00f3n al tabaco)<\/li>\n\n\n\n<li>Existe riesgo para la propia persona o para terceros.<\/li>\n\n\n\n<li>Se ha iniciado un tratamiento psicoterap\u00e9utico o neurol\u00f3gico y el m\u00e9dico o terapeuta no autoriza el comienzo de una hipnoterapia.<\/li>\n\n\n\n<li>Existe alguna enfermedad convulsiva, por ejemplo epilepsia<\/li>\n\n\n\n<li>Existe alguna enfermedad, cuyos efectos imposibiliten una participaci\u00f3n activa en el proceso terap\u00e9utico o impidan la capacidad de relajaci\u00f3n corporal (por ejemplo demencia, sordera aguda, hiperactividad, grave dificultad para respirar\/ sobre todo si se tiene tos)<\/li>\n\n\n\n<li>Existen graves problemas card\u00edacos o circulatorios que a\u00fan no est\u00e1n bajo control<\/li>\n\n\n\n<li>No existe disposici\u00f3n para una cooperaci\u00f3n abierta.<\/li>\n\n\n\n<li>No hay un deseo propio de transformaci\u00f3n<\/li>\n<\/ul>\n<\/div>\n\n\n\n<p><\/p>\n\n\n\n<div class=\"wp-block-group is-style-box-base-2 is-layout-flow wp-block-group-is-layout-flow is-style-box-base-2--4\">\n<h3 class=\"wp-block-heading\" id=\"h-contacto\"><strong>Contacto<\/strong><\/h3>\n\n\n\n<p>Si tiene alguna duda acerca de si nuestro m\u00e9todo se adecua a sus intereses, escr\u00edbanos a trav\u00e9s de nuestro&nbsp;<a href=\"https:\/\/hypnose-zentrum.com\/es\/contacto\/\">formulario de contacto<\/a>&nbsp;con encriptaci\u00f3n SSL.<\/p>\n\n\n\n<p><strong>\u00a1Con gusto lo asesoraremos de manera gratuita y sin compromiso!<\/strong><\/p>\n<\/div>\n<\/article>\n<\/div>\n<\/div>\n","protected":false},"excerpt":{"rendered":"<p>XXXXXX XXXX XXXXXXXX<\/p>\n","protected":false},"author":7,"featured_media":9245,"parent":0,"menu_order":19,"comment_status":"closed","ping_status":"open","template":"","meta":{"_acf_changed":false,"footnotes":""},"class_list":["post-9424","page","type-page","status-publish","has-post-thumbnail","hentry"],"acf":[],"_links":{"self":[{"href":"https:\/\/hypnose-zentrum.com\/es\/wp-json\/wp\/v2\/pages\/9424","targetHints":{"allow":["GET"]}}],"collection":[{"href":"https:\/\/hypnose-zentrum.com\/es\/wp-json\/wp\/v2\/pages"}],"about":[{"href":"https:\/\/hypnose-zentrum.com\/es\/wp-json\/wp\/v2\/types\/page"}],"author":[{"embeddable":true,"href":"https:\/\/hypnose-zentrum.com\/es\/wp-json\/wp\/v2\/users\/7"}],"replies":[{"embeddable":true,"href":"https:\/\/hypnose-zentrum.com\/es\/wp-json\/wp\/v2\/comments?post=9424"}],"version-history":[{"count":3,"href":"https:\/\/hypnose-zentrum.com\/es\/wp-json\/wp\/v2\/pages\/9424\/revisions"}],"predecessor-version":[{"id":9433,"href":"https:\/\/hypnose-zentrum.com\/es\/wp-json\/wp\/v2\/pages\/9424\/revisions\/9433"}],"wp:featuredmedia":[{"embeddable":true,"href":"https:\/\/hypnose-zentrum.com\/es\/wp-json\/wp\/v2\/media\/9245"}],"wp:attachment":[{"href":"https:\/\/hypnose-zentrum.com\/es\/wp-json\/wp\/v2\/media?parent=9424"}],"curies":[{"name":"wp","href":"https:\/\/api.w.org\/{rel}","templated":true}]}}