{"id":9441,"date":"2025-07-23T16:07:52","date_gmt":"2025-07-23T16:07:52","guid":{"rendered":"https:\/\/hypnose-zentrum.com\/your-hypnotherapists\/"},"modified":"2025-07-25T15:37:35","modified_gmt":"2025-07-25T15:37:35","slug":"su-hipnoterapeuta","status":"publish","type":"page","link":"https:\/\/hypnose-zentrum.com\/es\/su-hipnoterapeuta\/","title":{"rendered":"Su hipnoterapeuta"},"content":{"rendered":"\n<div class=\"wp-block-group is-style-section-base-1 is-layout-constrained wp-block-group-is-layout-constrained is-style-section-base-1--1\">\n<div class=\"wp-block-group is-layout-constrained wp-block-group-is-layout-constrained\">\n<figure class=\"wp-block-image alignleft size-medium\" id=\"attachment_47\"><img decoding=\"async\" width=\"300\" height=\"450\" src=\"https:\/\/hypnose-zentrum.com\/wp-content\/uploads\/2022\/11\/Katharina-Auer_2022_web_800x1200-300x450.jpg\" alt=\"Katharina Auer Hypnos Hypnosetherapie\" class=\"wp-image-9042\" srcset=\"https:\/\/hypnose-zentrum.com\/wp-content\/uploads\/2022\/11\/Katharina-Auer_2022_web_800x1200-300x450.jpg 300w, https:\/\/hypnose-zentrum.com\/wp-content\/uploads\/2022\/11\/Katharina-Auer_2022_web_800x1200-400x600.jpg 400w, https:\/\/hypnose-zentrum.com\/wp-content\/uploads\/2022\/11\/Katharina-Auer_2022_web_800x1200-600x900.jpg 600w, https:\/\/hypnose-zentrum.com\/wp-content\/uploads\/2022\/11\/Katharina-Auer_2022_web_800x1200-768x1152.jpg 768w, https:\/\/hypnose-zentrum.com\/wp-content\/uploads\/2022\/11\/Katharina-Auer_2022_web_800x1200.jpg 800w\" sizes=\"(max-width: 300px) 100vw, 300px\" \/><figcaption class=\"wp-element-caption\">Katharina Auer<\/figcaption><\/figure>\n\n\n\n<p>De madre rusa y padre alem\u00e1n, Katharina Auer naci\u00f3 en 1975 en Estonia. Sus estudios en Traducci\u00f3n t\u00e9cnica y Comunicaci\u00f3n Intercultural los ha realizado en Alemania, Irlanda y Espa\u00f1a. Katharina posee adem\u00e1s la certificaci\u00f3n como entrenadora y mediadora para empresas y organizaciones.<\/p>\n\n\n\n<p>Desde 2003 realiza entrenamientos y asesoramientos internacionales para la comunicaci\u00f3n y el desarrollo de procesos interculturales.<\/p>\n\n\n\n<p>Katharina ofrece hipnoterapia&nbsp; EHT\u00ae&nbsp; en ingl\u00e9s, espa\u00f1ol y ruso, as\u00ed como seminarios para hablar un idioma en tres meses con ayuda de hipnosis.<br>Katharina Auer se ha formado en el instituto Hypnos\u00ae y tiene la certificaci\u00f3n estatal para psicoterapia seg\u00fan la ley alemana para natur\u00f3patas (HPG).<\/p>\n\n\n\n<figure class=\"wp-block-embed is-type-video is-provider-youtube wp-block-embed-youtube wp-embed-aspect-16-9 wp-has-aspect-ratio\"><div class=\"wp-block-embed__wrapper\">\n <div class=\"brlbs-cmpnt-container brlbs-cmpnt-content-blocker brlbs-cmpnt-with-individual-styles\" data-borlabs-cookie-content-blocker-id=\"youtube-content-blocker\" data-borlabs-cookie-content=\"PGlmcmFtZSB0aXRsZT0iS2F0aGFyaW5hIEF1ZXIgSHlwbm9zIGVzcGFuzINvbCIgd2lkdGg9IjUwMCIgaGVpZ2h0PSIyODEiIHNyYz0iaHR0cHM6Ly93d3cueW91dHViZS1ub2Nvb2tpZS5jb20vZW1iZWQvWFJEMFpiZ3lGbTg\/ZmVhdHVyZT1vZW1iZWQiIGZyYW1lYm9yZGVyPSIwIiBhbGxvdz0iYWNjZWxlcm9tZXRlcjsgYXV0b3BsYXk7IGNsaXBib2FyZC13cml0ZTsgZW5jcnlwdGVkLW1lZGlhOyBneXJvc2NvcGU7IHBpY3R1cmUtaW4tcGljdHVyZTsgd2ViLXNoYXJlIiByZWZlcnJlcnBvbGljeT0ic3RyaWN0LW9yaWdpbi13aGVuLWNyb3NzLW9yaWdpbiIgYWxsb3dmdWxsc2NyZWVuPjwvaWZyYW1lPg==\"><div class=\"brlbs-cmpnt-cb-preset-c brlbs-cmpnt-cb-youtube\"> <div class=\"brlbs-cmpnt-cb-thumbnail\" style=\"background-image: url('https:\/\/hypnose-zentrum.com\/wp-content\/uploads\/borlabs-cookie\/1\/yt_XRD0ZbgyFm8_hqdefault.jpg')\"><\/div> <div class=\"brlbs-cmpnt-cb-main\"> <div class=\"brlbs-cmpnt-cb-play-button\"><\/div> <div class=\"brlbs-cmpnt-cb-content\"> <p class=\"brlbs-cmpnt-cb-description\">Est\u00e1s viendo un contenido de marcador de posici\u00f3n de <strong>YouTube<\/strong>. Para acceder al contenido real, haz clic en el siguiente bot\u00f3n. Ten en cuenta que al hacerlo compartir\u00e1s datos con terceros proveedores.<\/p> <a class=\"brlbs-cmpnt-cb-provider-toggle\" href=\"#\" data-borlabs-cookie-show-provider-information role=\"button\">M\u00e1s informaci\u00f3n<\/a> <\/div> <div class=\"brlbs-cmpnt-cb-buttons\"> <a class=\"brlbs-cmpnt-cb-btn\" href=\"#\" data-borlabs-cookie-unblock role=\"button\">Desbloquear contenido<\/a> <a class=\"brlbs-cmpnt-cb-btn\" href=\"#\" data-borlabs-cookie-accept-service role=\"button\" style=\"display: inherit\">Aceptar el servicio requerido y desbloquear los contenidos<\/a> <\/div> <\/div> <\/div><\/div>\n<\/div><\/figure>\n<\/div>\n<\/div>\n","protected":false},"excerpt":{"rendered":"<p>Katharina Auer (Berlin) and Werner Reindl (Bavaria) offer hypnotherapeutic sessions in English. Katharina Auer was born in 1975 in Estonia while Werner, married to an American, was born in 1963 in Weiden.<\/p>\n","protected":false},"author":9,"featured_media":0,"parent":0,"menu_order":0,"comment_status":"closed","ping_status":"closed","template":"","meta":{"_acf_changed":false,"footnotes":""},"class_list":["post-9441","page","type-page","status-publish","hentry"],"acf":[],"_links":{"self":[{"href":"https:\/\/hypnose-zentrum.com\/es\/wp-json\/wp\/v2\/pages\/9441","targetHints":{"allow":["GET"]}}],"collection":[{"href":"https:\/\/hypnose-zentrum.com\/es\/wp-json\/wp\/v2\/pages"}],"about":[{"href":"https:\/\/hypnose-zentrum.com\/es\/wp-json\/wp\/v2\/types\/page"}],"author":[{"embeddable":true,"href":"https:\/\/hypnose-zentrum.com\/es\/wp-json\/wp\/v2\/users\/9"}],"replies":[{"embeddable":true,"href":"https:\/\/hypnose-zentrum.com\/es\/wp-json\/wp\/v2\/comments?post=9441"}],"version-history":[{"count":3,"href":"https:\/\/hypnose-zentrum.com\/es\/wp-json\/wp\/v2\/pages\/9441\/revisions"}],"predecessor-version":[{"id":9445,"href":"https:\/\/hypnose-zentrum.com\/es\/wp-json\/wp\/v2\/pages\/9441\/revisions\/9445"}],"wp:attachment":[{"href":"https:\/\/hypnose-zentrum.com\/es\/wp-json\/wp\/v2\/media?parent=9441"}],"curies":[{"name":"wp","href":"https:\/\/api.w.org\/{rel}","templated":true}]}}